{"id":257,"date":"2022-07-14T09:50:52","date_gmt":"2022-07-14T09:50:52","guid":{"rendered":"https:\/\/wp.sunderland.ac.uk\/rosspriorybroadcasttalk\/?page_id=257"},"modified":"2022-07-15T09:58:40","modified_gmt":"2022-07-15T09:58:40","slug":"seminar-2022","status":"publish","type":"page","link":"https:\/\/wp.sunderland.ac.uk\/rosspriorybroadcasttalk\/seminar-2022\/","title":{"rendered":"2022 seminar"},"content":{"rendered":"\n<figure class=\"wp-block-image size-large\"><a href=\"https:\/\/wp.sunderland.ac.uk\/rosspriorybroadcasttalk\/wp-content\/uploads\/sites\/9\/2022\/07\/Ross-Priory-Zoom-22.jpg\"><img loading=\"lazy\" decoding=\"async\" width=\"1024\" height=\"576\" src=\"https:\/\/wp.sunderland.ac.uk\/rosspriorybroadcasttalk\/wp-content\/uploads\/sites\/9\/2022\/07\/Ross-Priory-Zoom-22-1024x576.jpg\" alt=\"\" class=\"wp-image-270\" srcset=\"https:\/\/wp.sunderland.ac.uk\/rosspriorybroadcasttalk\/wp-content\/uploads\/sites\/9\/2022\/07\/Ross-Priory-Zoom-22-1024x576.jpg 1024w, https:\/\/wp.sunderland.ac.uk\/rosspriorybroadcasttalk\/wp-content\/uploads\/sites\/9\/2022\/07\/Ross-Priory-Zoom-22-300x169.jpg 300w, https:\/\/wp.sunderland.ac.uk\/rosspriorybroadcasttalk\/wp-content\/uploads\/sites\/9\/2022\/07\/Ross-Priory-Zoom-22-768x432.jpg 768w, https:\/\/wp.sunderland.ac.uk\/rosspriorybroadcasttalk\/wp-content\/uploads\/sites\/9\/2022\/07\/Ross-Priory-Zoom-22-1536x864.jpg 1536w, https:\/\/wp.sunderland.ac.uk\/rosspriorybroadcasttalk\/wp-content\/uploads\/sites\/9\/2022\/07\/Ross-Priory-Zoom-22.jpg 1920w\" sizes=\"auto, (max-width: 1024px) 100vw, 1024px\" \/><\/a><\/figure>\n\n\n\n<figure class=\"wp-block-image size-large\"><a href=\"https:\/\/wp.sunderland.ac.uk\/rosspriorybroadcasttalk\/wp-content\/uploads\/sites\/9\/2022\/07\/RP-2022-scaled.jpg\"><img loading=\"lazy\" decoding=\"async\" width=\"1024\" height=\"640\" src=\"https:\/\/wp.sunderland.ac.uk\/rosspriorybroadcasttalk\/wp-content\/uploads\/sites\/9\/2022\/07\/RP-2022-1024x640.jpg\" alt=\"\" class=\"wp-image-263\" srcset=\"https:\/\/wp.sunderland.ac.uk\/rosspriorybroadcasttalk\/wp-content\/uploads\/sites\/9\/2022\/07\/RP-2022-1024x640.jpg 1024w, https:\/\/wp.sunderland.ac.uk\/rosspriorybroadcasttalk\/wp-content\/uploads\/sites\/9\/2022\/07\/RP-2022-300x188.jpg 300w, https:\/\/wp.sunderland.ac.uk\/rosspriorybroadcasttalk\/wp-content\/uploads\/sites\/9\/2022\/07\/RP-2022-768x480.jpg 768w, https:\/\/wp.sunderland.ac.uk\/rosspriorybroadcasttalk\/wp-content\/uploads\/sites\/9\/2022\/07\/RP-2022-1536x960.jpg 1536w, https:\/\/wp.sunderland.ac.uk\/rosspriorybroadcasttalk\/wp-content\/uploads\/sites\/9\/2022\/07\/RP-2022-2048x1280.jpg 2048w\" sizes=\"auto, (max-width: 1024px) 100vw, 1024px\" \/><\/a><\/figure>\n\n\n\n<p><mark style=\"background-color:#7bdcb5\" class=\"has-inline-color has-black-color\">Ross Priory, 11-13 July <\/mark><\/p>\n\n\n\n<p><\/p>\n\n\n\n<p><strong>Tuesday 12 July<\/strong><\/p>\n\n\n\n<p>Martin Montgomery \u2013 <em>War, culture wars and the difficulties<\/em><\/p>\n\n\n\n<p><em>(or limits) of journalistic neutralism<\/em><\/p>\n\n\n\n<p> Angela Smith &#8211; <em>Lolling on the benches: Political Thinking<\/em><\/p>\n\n\n\n<p><em>with Nick Robinson\u2019s podcast and the enhancement of Jacob Rees-Mogg\u2019s<\/em><\/p>\n\n\n\n<p>effete masculinity<\/p>\n\n\n\n<p>Andrea McDonnell \u2013 <em>It wasn\u2019t me: Discursive self-cleaving<\/em><\/p>\n\n\n\n<p><em>in celebrity sexual misconduct trials<\/em><\/p>\n\n\n\n<p> Marianna Patrona \u2013 <em>Snapshots from an information war:<\/em><\/p>\n\n\n\n<p><em>propaganda, intertextuality &amp; audience design in the Russia-Ukraine<\/em><\/p>\n\n\n\n<p>conflict (via Zoom)<\/p>\n\n\n\n<p> Joanna Thornborrow &#8211; <em>Neutralism and shifting participatory<\/em><\/p>\n\n\n\n<p><em>frameworks in French broadcast political debates<\/em><\/p>\n\n\n\n<p>Max Modell \u2013 <em>Redefining the Political Interview: Actively<\/em><\/p>\n\n\n\n<p><em>avoiding adversarialism and managing audience expectations on the<\/em><\/p>\n\n\n\n<p><em>Political Thinking with Nick Robinson podcast<\/em> (via Zoom)<\/p>\n\n\n\n<p> Paddy Scannell \u2013 <em>30 years of broadcast talk<\/em><\/p>\n\n\n\n<p><\/p>\n\n\n\n<p><strong>Wednesday 13 July<\/strong><\/p>\n\n\n\n<p>Wu Xiaoping and Richard Fitzgerald\u2013 <em>Internet memes and<\/em><\/p>\n\n\n\n<p><em>health communication in the time of COVID<\/em> (via Zoom)<\/p>\n\n\n\n<p>Daniel Debing Feng and Martin Montgomery \u2013 <em>\u201cThank You fo<\/em>r<\/p>\n\n\n\n<p><em>Your Participation\u201d: Expressing Gratitude in the Closings of QQ-based<\/em><\/p>\n\n\n\n<p>Group Discussion (via Zoom)<\/p>\n\n\n\n<p>Michael Higgins \u2013 <em>Have you seen the latest Mick Lynch?<\/em><\/p>\n\n\n\n<p><em>Remarks on media performance<\/em><\/p>\n\n\n\n<p>Mats Ekstr\u00f6m, \u00c5sa Kroon and Emil \u00d6stlund \u2013<em>The live two-way<\/em><\/p>\n\n\n\n<p><em>from the war in Ukraine: Epistemic claims and the balancing of commitments<\/em><\/p>\n\n\n\n<p><em>to factuality in news reporting<\/em> (via Zoom)<\/p>\n\n\n\n<p><\/p>\n","protected":false},"excerpt":{"rendered":"<p>Ross Priory, 11-13 July Tuesday 12 July Martin Montgomery \u2013 War, culture wars and the difficulties (or limits) of journalistic neutralism Angela Smith &#8211; Lolling on the benches: Political Thinking with Nick Robinson\u2019s podcast&#46;&#46;&#46;<\/p>\n","protected":false},"author":11,"featured_media":0,"parent":0,"menu_order":0,"comment_status":"closed","ping_status":"closed","template":"","meta":{"footnotes":""},"class_list":["post-257","page","type-page","status-publish","hentry"],"_links":{"self":[{"href":"https:\/\/wp.sunderland.ac.uk\/rosspriorybroadcasttalk\/wp-json\/wp\/v2\/pages\/257","targetHints":{"allow":["GET"]}}],"collection":[{"href":"https:\/\/wp.sunderland.ac.uk\/rosspriorybroadcasttalk\/wp-json\/wp\/v2\/pages"}],"about":[{"href":"https:\/\/wp.sunderland.ac.uk\/rosspriorybroadcasttalk\/wp-json\/wp\/v2\/types\/page"}],"author":[{"embeddable":true,"href":"https:\/\/wp.sunderland.ac.uk\/rosspriorybroadcasttalk\/wp-json\/wp\/v2\/users\/11"}],"replies":[{"embeddable":true,"href":"https:\/\/wp.sunderland.ac.uk\/rosspriorybroadcasttalk\/wp-json\/wp\/v2\/comments?post=257"}],"version-history":[{"count":7,"href":"https:\/\/wp.sunderland.ac.uk\/rosspriorybroadcasttalk\/wp-json\/wp\/v2\/pages\/257\/revisions"}],"predecessor-version":[{"id":272,"href":"https:\/\/wp.sunderland.ac.uk\/rosspriorybroadcasttalk\/wp-json\/wp\/v2\/pages\/257\/revisions\/272"}],"wp:attachment":[{"href":"https:\/\/wp.sunderland.ac.uk\/rosspriorybroadcasttalk\/wp-json\/wp\/v2\/media?parent=257"}],"curies":[{"name":"wp","href":"https:\/\/api.w.org\/{rel}","templated":true}]}}