{"id":22,"date":"2014-06-19T10:53:53","date_gmt":"2014-06-19T10:53:53","guid":{"rendered":"https:\/\/wp.sunderland.ac.uk\/rosspriorybroadcasttalk\/?page_id=22"},"modified":"2014-06-19T10:57:03","modified_gmt":"2014-06-19T10:57:03","slug":"2013-seminar-2","status":"publish","type":"page","link":"https:\/\/wp.sunderland.ac.uk\/rosspriorybroadcasttalk\/seminars\/2013-seminar-2\/","title":{"rendered":"2012 seminar"},"content":{"rendered":"<p>&nbsp;<\/p>\n<h3>9th &#8211; 11th July | &#8216;Post-Talk Talk&#8217;: New Forms of Public Communication<\/h3>\n<h3>Tuesday 10th July<\/h3>\n<h4>Andrew Tolson<\/h4>\n<p>&#8220;Pre talk talk&#8221;: scripted performances of BBC Political Editors 1987\/2010<\/p>\n<h4>Stephanie Marriott<\/h4>\n<p>&#8216;Inventing the News: The American Networks\u00a0and the Assassination of JFK&#8217;<\/p>\n<h4>Martin Montgomery<\/h4>\n<p>&#8216;Post-talk talk&#8217;: do comments on online news constitute a new form of public discourse?<\/p>\n<h4>Joanna Thornborrow<\/h4>\n<p>&#8220;Post talk talk&#8221;: YouTube posts and audience engagement on Piers Morgan\u2019s <em>Life Stories<\/em><\/p>\n<h4>Arnt Mass\u00f8<\/h4>\n<p>Expanding and enhancing the &#8216;live&#8217; music\u00a0experience: Analyzing streaming and social media behavior before, during and\u00a0after a festival<\/p>\n<h4>Mats Ekstr\u00f6m, G\u00f6ran Eriksson and \u00c5sa Kroon Lundell<\/h4>\n<p>Sociability, superliveness and interactional imperfections: Audience orientation in web broadcast news<\/p>\n<h4>Kay Richardson<\/h4>\n<p>Media genre and political culture in Britain<\/p>\n<h3>Wednesday 11th July<\/h3>\n<h4>Galia Hirsch and Shoshana Blum-Kulka<\/h4>\n<p>The Identification of Irony and Reaction towards it in News Interviews<\/p>\n<h4>Mats Ekstr\u00f6m and Richard Fitzgerald.<\/h4>\n<p>\u201cAre you hypnotized?\u201d: Extended Repetitions in Political News Interviews.<\/p>\n<h4>Erica Huls<\/h4>\n<p>Neutrality in Broadcast News<\/p>\n<h4>Michal Hamo<\/h4>\n<p>&#8220;I have nothing to do but agree&#8221;: The reciprocal positioning of journalists and experts in broadcast television news discourse<\/p>\n<h4>Greg Myers<\/h4>\n<p>The Dalai Lama\u2019s Laugh<\/p>\n<h4>Michael Higgins (Chair)<\/h4>\n<p>Workshop: Changing forms of Broadcast News<\/p>\n<h3>Thursday 12th July<\/h3>\n<h4>Trudy Haarman<\/h4>\n<p>Making over dogs? Talk and host-participant interaction in<em> <em>The Dog Whisperer<\/em>.<\/em><\/p>\n<h4>Angela Smith<\/h4>\n<p>&#8216;Making a drama out of a crisis: Crimewatch as entertainment TV&#8217;<\/p>\n","protected":false},"excerpt":{"rendered":"<p>&nbsp; 9th &#8211; 11th July | &#8216;Post-Talk Talk&#8217;: New Forms of Public Communication Tuesday 10th July Andrew Tolson &#8220;Pre talk talk&#8221;: scripted performances of BBC Political Editors 1987\/2010 Stephanie Marriott &#8216;Inventing the News: The&#46;&#46;&#46;<\/p>\n","protected":false},"author":11,"featured_media":0,"parent":60,"menu_order":0,"comment_status":"open","ping_status":"open","template":"","meta":{"footnotes":""},"class_list":["post-22","page","type-page","status-publish","hentry"],"_links":{"self":[{"href":"https:\/\/wp.sunderland.ac.uk\/rosspriorybroadcasttalk\/wp-json\/wp\/v2\/pages\/22","targetHints":{"allow":["GET"]}}],"collection":[{"href":"https:\/\/wp.sunderland.ac.uk\/rosspriorybroadcasttalk\/wp-json\/wp\/v2\/pages"}],"about":[{"href":"https:\/\/wp.sunderland.ac.uk\/rosspriorybroadcasttalk\/wp-json\/wp\/v2\/types\/page"}],"author":[{"embeddable":true,"href":"https:\/\/wp.sunderland.ac.uk\/rosspriorybroadcasttalk\/wp-json\/wp\/v2\/users\/11"}],"replies":[{"embeddable":true,"href":"https:\/\/wp.sunderland.ac.uk\/rosspriorybroadcasttalk\/wp-json\/wp\/v2\/comments?post=22"}],"version-history":[{"count":3,"href":"https:\/\/wp.sunderland.ac.uk\/rosspriorybroadcasttalk\/wp-json\/wp\/v2\/pages\/22\/revisions"}],"predecessor-version":[{"id":80,"href":"https:\/\/wp.sunderland.ac.uk\/rosspriorybroadcasttalk\/wp-json\/wp\/v2\/pages\/22\/revisions\/80"}],"up":[{"embeddable":true,"href":"https:\/\/wp.sunderland.ac.uk\/rosspriorybroadcasttalk\/wp-json\/wp\/v2\/pages\/60"}],"wp:attachment":[{"href":"https:\/\/wp.sunderland.ac.uk\/rosspriorybroadcasttalk\/wp-json\/wp\/v2\/media?parent=22"}],"curies":[{"name":"wp","href":"https:\/\/api.w.org\/{rel}","templated":true}]}}