{"id":120,"date":"2015-07-10T11:54:26","date_gmt":"2015-07-10T11:54:26","guid":{"rendered":"https:\/\/wp.sunderland.ac.uk\/rosspriorybroadcasttalk\/?page_id=120"},"modified":"2018-08-09T14:30:32","modified_gmt":"2018-08-09T14:30:32","slug":"seminar-2014-3","status":"publish","type":"page","link":"https:\/\/wp.sunderland.ac.uk\/rosspriorybroadcasttalk\/seminar-2014-3\/","title":{"rendered":"2014 seminar"},"content":{"rendered":"<p style=\"text-align: center\"><strong>ROSS PRIORY INTERNATIONAL SEMINAR ON BROADCAST TALK<\/strong><\/p>\n<p style=\"text-align: center\"><strong>2 \u2013 4 JULY 2014<\/strong><\/p>\n<p style=\"text-align: center\"><strong>Auberge de Jeunesse, Brest, France<\/strong><\/p>\n<p>&nbsp;<\/p>\n<p><strong>Wednesday 2 July \/ mercredi 2 juillet<\/strong><\/p>\n<p>Welcome\u00a0: Joanna<\/p>\n<p>Angela Smith, University of Sunderland, UK <strong>Flirtation, desire and desperation: the shameless persuasive strategies of <em>Antiques Road Trip<\/em><\/strong><\/p>\n<p>Trudy Haarman, University of Bolognq, IT <strong>MasterChef: cooking competition across cultures<\/strong><\/p>\n<p>Mats Ekstr\u00f6m, University of Gothenburg, SW <strong>Medical authority and ordinary expertise: In-house doctors talk in Swedish public service television 1983-2013<\/strong><\/p>\n<p>\u00c4sa Kroon : \u00d6rebr\u00f6 University, SW <strong>World Cup Web TV<\/strong><\/p>\n<p>&nbsp;<\/p>\n<p><strong>Thursday 3 July \/ jeudi 3 juillet<\/strong><\/p>\n<p>Andrew Tolson, Leicester, DMU, UK <strong>\u201cGod Help Us\u201d: Forms of expertise in football punditry.<\/strong><\/p>\n<p>Jan Chovanec, Masaryk University, Brno, CZ B<strong>roadcasting oneself: Staging authenticity in YouTube viral videos<\/strong><\/p>\n<p>Goran Eriksson, \u00d6rebr\u00f6 Universit, SW <strong>Making sense of televised cooking instructions<\/strong><\/p>\n<p>Alison Duguid, University of Siena, IT <strong>The Public Accounts Committee: dialogistic positioning and face threatening acts in public.<\/strong><\/p>\n<p>Marianna Patrona, Hellenic Academy, Athens, GR <strong>\u2018Citizen Talk &#8211; Authoritative Talk: Citizens as Experts in a Greek Political Audience Discussion Program<\/strong>\u2019<\/p>\n<p>Nuria Lorenzo Dus, Swansea University, UK <strong>Influential emotions in post-talk talk: Citizens debating the living \/ minimum wage on Twitter<\/strong><\/p>\n<p>Espen Ytreberg, University of Oslo, NO <strong>Simultaneity in media event history<\/strong><br \/>\n<strong>\u00a0<\/strong><\/p>\n<p><strong>Friday 4th July \/ vendredi 4 juillet<\/strong><\/p>\n<p>Argyro Kantara, Cardiff University, UK <strong>When journalists laugh: neutralism and adversarialness in pre-election interviews<\/strong><\/p>\n<p>Joanna Thornborrow, UBO Brest, FR <strong>Doing expertise\u00a0: Evaluation and quantification in the scoring discourse of reality television competition shows<\/strong><\/p>\n<p>Closing discussion<\/p>\n","protected":false},"excerpt":{"rendered":"<p>ROSS PRIORY INTERNATIONAL SEMINAR ON BROADCAST TALK 2 \u2013 4 JULY 2014 Auberge de Jeunesse, Brest, France &nbsp; Wednesday 2 July \/ mercredi 2 juillet Welcome\u00a0: Joanna Angela Smith, University of Sunderland, UK Flirtation,&#46;&#46;&#46;<\/p>\n","protected":false},"author":11,"featured_media":125,"parent":0,"menu_order":0,"comment_status":"open","ping_status":"open","template":"","meta":{"footnotes":""},"class_list":["post-120","page","type-page","status-publish","has-post-thumbnail","hentry"],"_links":{"self":[{"href":"https:\/\/wp.sunderland.ac.uk\/rosspriorybroadcasttalk\/wp-json\/wp\/v2\/pages\/120","targetHints":{"allow":["GET"]}}],"collection":[{"href":"https:\/\/wp.sunderland.ac.uk\/rosspriorybroadcasttalk\/wp-json\/wp\/v2\/pages"}],"about":[{"href":"https:\/\/wp.sunderland.ac.uk\/rosspriorybroadcasttalk\/wp-json\/wp\/v2\/types\/page"}],"author":[{"embeddable":true,"href":"https:\/\/wp.sunderland.ac.uk\/rosspriorybroadcasttalk\/wp-json\/wp\/v2\/users\/11"}],"replies":[{"embeddable":true,"href":"https:\/\/wp.sunderland.ac.uk\/rosspriorybroadcasttalk\/wp-json\/wp\/v2\/comments?post=120"}],"version-history":[{"count":5,"href":"https:\/\/wp.sunderland.ac.uk\/rosspriorybroadcasttalk\/wp-json\/wp\/v2\/pages\/120\/revisions"}],"predecessor-version":[{"id":299,"href":"https:\/\/wp.sunderland.ac.uk\/rosspriorybroadcasttalk\/wp-json\/wp\/v2\/pages\/120\/revisions\/299"}],"wp:featuredmedia":[{"embeddable":true,"href":"https:\/\/wp.sunderland.ac.uk\/rosspriorybroadcasttalk\/wp-json\/wp\/v2\/media\/125"}],"wp:attachment":[{"href":"https:\/\/wp.sunderland.ac.uk\/rosspriorybroadcasttalk\/wp-json\/wp\/v2\/media?parent=120"}],"curies":[{"name":"wp","href":"https:\/\/api.w.org\/{rel}","templated":true}]}}